{"id":7,"date":"2021-01-25T21:06:26","date_gmt":"2021-01-25T20:06:26","guid":{"rendered":"https:\/\/fzzpublishing.eu\/?page_id=7"},"modified":"2026-01-10T20:18:12","modified_gmt":"2026-01-10T19:18:12","slug":"strona-3","status":"publish","type":"page","link":"https:\/\/fzzpublishing.eu\/index.php\/strona-3\/","title":{"rendered":"Last edition"},"content":{"rendered":"<p>[et_pb_section fb_built=&#8221;1&#8243; _builder_version=&#8221;4.16&#8243; _module_preset=&#8221;default&#8221; global_colors_info=&#8221;{}&#8221;][et_pb_row _builder_version=&#8221;4.16&#8243; _module_preset=&#8221;default&#8221; custom_padding=&#8221;||0px|||&#8221; global_colors_info=&#8221;{}&#8221;][et_pb_column type=&#8221;4_4&#8243; _builder_version=&#8221;4.16&#8243; _module_preset=&#8221;default&#8221; global_colors_info=&#8221;{}&#8221;][\/et_pb_column][\/et_pb_row][et_pb_row column_structure=&#8221;1_2,1_2&#8243; _builder_version=&#8221;4.19.1&#8243; _module_preset=&#8221;default&#8221; width=&#8221;73.7%&#8221; min_height=&#8221;417.8px&#8221; border_width_all=&#8221;2px&#8221; border_color_all=&#8221;#CECECE&#8221; global_colors_info=&#8221;{}&#8221;][et_pb_column type=&#8221;1_2&#8243; _builder_version=&#8221;4.19.1&#8243; _module_preset=&#8221;default&#8221; global_colors_info=&#8221;{}&#8221;][et_pb_text _builder_version=&#8221;4.19.1&#8243; _module_preset=&#8221;default&#8221; text_font=&#8221;Dosis|500|||||||&#8221; text_font_size=&#8221;43px&#8221; module_alignment=&#8221;left&#8221; custom_margin=&#8221;|-39px|-2px|||&#8221; custom_padding=&#8221;|||32px||&#8221; global_colors_info=&#8221;{}&#8221;]<\/p>\n<h1 style=\"text-align: left;\"><\/h1>\n<p>&nbsp;<\/p>\n<h2 style=\"text-align: left;\"><strong>\u201eConsortio \u2013 Journal of Economics, Social Sciences, Law and Education\u201d\u00a0 <\/strong>&#8211; Issue No. 3<\/h2>\n<p>[\/et_pb_text][et_pb_text _builder_version=&#8221;4.19.1&#8243; _module_preset=&#8221;default&#8221; text_font=&#8221;Dosis|500|||||||&#8221; text_text_color=&#8221;#0C71C3&#8243; text_font_size=&#8221;23px&#8221; width=&#8221;100%&#8221; module_alignment=&#8221;left&#8221; min_height=&#8221;104.8px&#8221; custom_margin=&#8221;3px|16px||||&#8221; custom_padding=&#8221;||0px|32px||&#8221; hover_enabled=&#8221;0&#8243; global_colors_info=&#8221;{}&#8221; sticky_enabled=&#8221;0&#8243;]<\/p>\n<p>&nbsp;<\/p>\n<p><strong><span style=\"text-decoration: underline;\"><a href=\"https:\/\/fzzpublishing.eu\/wp-content\/uploads\/2026\/01\/CONSORTIO-Journal-NO3.pdf\" rel=\"attachment wp-att-846\">Scientific Journal CONSORTIO No. 3<\/a><\/span><\/strong><\/p>\n<p>[\/et_pb_text][et_pb_text _builder_version=&#8221;4.19.1&#8243; _module_preset=&#8221;default&#8221; text_font=&#8221;Dosis|500|||||||&#8221; text_font_size=&#8221;23px&#8221; width=&#8221;100%&#8221; module_alignment=&#8221;left&#8221; min_height=&#8221;13.8px&#8221; custom_margin=&#8221;1px|16px|1px|||&#8221; custom_padding=&#8221;5px||1px|32px||&#8221; hover_enabled=&#8221;0&#8243; global_colors_info=&#8221;{}&#8221; sticky_enabled=&#8221;0&#8243;]<\/p>\n<h3>&#8211; 7 articles<\/h3>\n<h3>&#8211; 125 pages<\/h3>\n<h3>&#8211; December 2025<\/h3>\n<h3>&#8211; <strong>Publisher number <span style=\"font-size: 23px;\">ISSN 2956-820X<\/span><\/strong><\/h3>\n<p>[\/et_pb_text][\/et_pb_column][et_pb_column type=&#8221;1_2&#8243; _builder_version=&#8221;4.19.1&#8243; _module_preset=&#8221;default&#8221; global_colors_info=&#8221;{}&#8221;][et_pb_image src=&#8221;https:\/\/fzzpublishing.eu\/wp-content\/uploads\/2026\/01\/CONSORTIO-Journal-NO3.png&#8221; title_text=&#8221;CONSORTIO Journal NO&#8217;3&#8243; align=&#8221;center&#8221; _builder_version=&#8221;4.19.1&#8243; _module_preset=&#8221;default&#8221; width=&#8221;65.7%&#8221; min_height=&#8221;316.8px&#8221; custom_padding=&#8221;|4px||||&#8221; hover_enabled=&#8221;0&#8243; box_shadow_style=&#8221;preset1&#8243; global_colors_info=&#8221;{}&#8221; sticky_enabled=&#8221;0&#8243;][\/et_pb_image][\/et_pb_column][\/et_pb_row][\/et_pb_section]<\/p>\n","protected":false},"excerpt":{"rendered":"<p>&nbsp; \u201eConsortio \u2013 Journal of Economics, Social Sciences, Law and Education\u201d\u00a0 &#8211; Issue No. 3&nbsp; Scientific Journal CONSORTIO No. 3- 7 articles &#8211; 125 pages &#8211; December 2025 &#8211; Publisher number ISSN 2956-820X<\/p>\n","protected":false},"author":1,"featured_media":0,"parent":0,"menu_order":0,"comment_status":"closed","ping_status":"closed","template":"","meta":{"_et_pb_use_builder":"on","_et_pb_old_content":"<!-- wp:heading {\"level\":1} -->\n<h1><a href=\"https:\/\/www.kwartalnik3sektor.pl\/pl\/\">Strona g\u0142\u00f3wna <\/a><a href=\"https:\/\/www.kwartalnik3sektor.pl\/pl\/wszystkie-numery\/kwartalnik-trzeci-sektor-numer-51-52-3-4-2020\/\">Ostatni numer <\/a><a href=\"https:\/\/www.kwartalnik3sektor.pl\/pl\/wszystkie-numery\/\">Wszystkie numery <\/a><a href=\"https:\/\/www.kwartalnik3sektor.pl\/pl\/dla-autorow\/\">Dla autor\u00f3w <\/a><a href=\"https:\/\/www.kwartalnik3sektor.pl\/pl\/kontakt\/\">Kontakt <\/a><a href=\"https:\/\/www.kwartalnik3sektor.pl\/pl\/english-version\/\">English Version<\/a><\/h1>\n<!-- \/wp:heading -->\n\n<!-- wp:paragraph -->\n<p><a href=\"https:\/\/fzzpublishing.eu\/wp-admin\/edit.php?post_type=page\"><\/a>Zmie\u0144 na szkicZobaczZaktualizujDodaj tytu\u0142<\/p>\n<!-- \/wp:paragraph -->\n\n<!-- wp:paragraph -->\n<p id=\"block-0c7256c6-96fe-4b35-a631-c3d9a01f25ee\">To jest przyk\u0142adowa strona. Strony s\u0105 inne ni\u017c wpisy na blogu, poniewa\u017c nie tylko znajduj\u0105 si\u0119 zawsze w jednym miejscu, ale tak\u017ce pojawiaj\u0105 si\u0119 w menu witryny (w wi\u0119kszo\u015bci motyw\u00f3w). Wi\u0119kszo\u015b\u0107 u\u017cytkownik\u00f3w zaczyna od strony z informacjami o sobie, kt\u00f3ra zapozna ich przed odwiedzaj\u0105cymi witryn\u0119. Taka strona mo\u017ce zawiera\u0107 na przyk\u0142ad taki tekst:<\/p>\n<!-- \/wp:paragraph -->\n\n<!-- wp:paragraph -->\n<p>Cze\u015b\u0107! Za dnia jestem kurierem rowerowym, noc\u0105 pr\u00f3buj\u0119 swoich si\u0142 w aktorstwie, a to jest moja witryna. Mieszkam w Krakowie, mam wspania\u0142ego psa kt\u00f3ry wabi si\u0119 Reks i lubi\u0119 pi\u00f1a colad\u0119 (oraz spacery, gdy pada deszcz).<\/p>\n<!-- \/wp:paragraph -->\n\n<!-- wp:paragraph -->\n<p id=\"block-044506f8-1926-4829-9c4a-7ea8caf2e92b\">...albo co\u015b takiego:<\/p>\n<!-- \/wp:paragraph -->\n\n<!-- wp:paragraph -->\n<p>Firma XYZ Doohickey zosta\u0142a za\u0142o\u017cona w 1971 roku i od tamtej pory dostarcza spo\u0142ecze\u0144stwu dobrej jako\u015bci gad\u017cety. Znajduj\u0105ca si\u0119 w Gotham City XYZ zatrudnia ponad 2000 os\u00f3b i robi niesamowite rzeczy dla spo\u0142eczno\u015bci Gotham.<\/p>\n<!-- \/wp:paragraph -->\n\n<!-- wp:paragraph -->\n<p id=\"block-546c1c61-55f4-486b-b508-eb9055b568ac\">Jako nowy u\u017cytkownik WordPressa, powiniene\u015b przej\u015b\u0107 do <a href=\"http:\/\/fzzpublishing.eu\/wp-admin\/\">swojego kokpitu<\/a> aby usun\u0105\u0107 t\u0119 stron\u0119 i stworzy\u0107 nowe z w\u0142asn\u0105 tre\u015bci\u0105. Dobrej zabawy!<\/p>\n<!-- \/wp:paragraph -->","_et_gb_content_width":""},"_links":{"self":[{"href":"https:\/\/fzzpublishing.eu\/index.php\/wp-json\/wp\/v2\/pages\/7"}],"collection":[{"href":"https:\/\/fzzpublishing.eu\/index.php\/wp-json\/wp\/v2\/pages"}],"about":[{"href":"https:\/\/fzzpublishing.eu\/index.php\/wp-json\/wp\/v2\/types\/page"}],"author":[{"embeddable":true,"href":"https:\/\/fzzpublishing.eu\/index.php\/wp-json\/wp\/v2\/users\/1"}],"replies":[{"embeddable":true,"href":"https:\/\/fzzpublishing.eu\/index.php\/wp-json\/wp\/v2\/comments?post=7"}],"version-history":[{"count":5,"href":"https:\/\/fzzpublishing.eu\/index.php\/wp-json\/wp\/v2\/pages\/7\/revisions"}],"predecessor-version":[{"id":986,"href":"https:\/\/fzzpublishing.eu\/index.php\/wp-json\/wp\/v2\/pages\/7\/revisions\/986"}],"wp:attachment":[{"href":"https:\/\/fzzpublishing.eu\/index.php\/wp-json\/wp\/v2\/media?parent=7"}],"curies":[{"name":"wp","href":"https:\/\/api.w.org\/{rel}","templated":true}]}}