{"id":159,"date":"2021-03-01T22:15:18","date_gmt":"2021-03-01T21:15:18","guid":{"rendered":"https:\/\/fzzpublishing.eu\/?page_id=159"},"modified":"2024-01-08T21:00:13","modified_gmt":"2024-01-08T20:00:13","slug":"strona-glowna-002","status":"publish","type":"page","link":"https:\/\/fzzpublishing.eu\/index.php\/strona-glowna-002\/","title":{"rendered":"Strona G\u0142\u00f3wna 002"},"content":{"rendered":"<p>[et_pb_section fb_built=&#8221;1&#8243; fullwidth=&#8221;on&#8221; _builder_version=&#8221;4.16&#8243; _module_preset=&#8221;default&#8221; background_color=&#8221;#f6f6f6&#8243; background_enable_image=&#8221;off&#8221; custom_margin=&#8221;||||false|false&#8221; custom_padding=&#8221;||||false|false&#8221; global_colors_info=&#8221;{}&#8221;][et_pb_fullwidth_slider _builder_version=&#8221;4.16&#8243; _module_preset=&#8221;default&#8221; background_color=&#8221;#f6f6f6&#8243; height=&#8221;100px&#8221; custom_margin=&#8221;0px||0px||false|false&#8221; custom_padding=&#8221;0px||0px||false|false&#8221; global_colors_info=&#8221;{}&#8221;][et_pb_slide heading=&#8221;Consortio &#8211;  naukowe pismo Europy Centralnej i Wschodniej&#8221; _builder_version=&#8221;4.16&#8243; _module_preset=&#8221;default&#8221; header_level=&#8221;h2&#8243; header_font=&#8221;Dosis||||||||&#8221; header_text_color=&#8221;#0C71C3&#8243; header_letter_spacing=&#8221;0px&#8221; header_line_height=&#8221;1.4em&#8221; background_enable_color=&#8221;off&#8221; background_enable_image=&#8221;off&#8221; header_line_height_tablet=&#8221;&#8221; header_line_height_phone=&#8221;&#8221; header_line_height_last_edited=&#8221;on|desktop&#8221; global_colors_info=&#8221;{}&#8221; sticky_transition=&#8221;on&#8221;][\/et_pb_slide][\/et_pb_fullwidth_slider][\/et_pb_section][et_pb_section fb_built=&#8221;1&#8243; fullwidth=&#8221;on&#8221; disabled_on=&#8221;on|on|on&#8221; _builder_version=&#8221;4.16&#8243; _module_preset=&#8221;default&#8221; background_color=&#8221;#e0e0e0&#8243; background_enable_image=&#8221;off&#8221; height=&#8221;320px&#8221; disabled=&#8221;on&#8221; global_colors_info=&#8221;{}&#8221;][et_pb_fullwidth_slider _builder_version=&#8221;4.16&#8243; _module_preset=&#8221;default&#8221; height=&#8221;320px&#8221; custom_margin=&#8221;0px||0px||false|false&#8221; custom_padding=&#8221;0px||0px||false|false&#8221; global_colors_info=&#8221;{}&#8221;][et_pb_slide heading=&#8221;Kwartalnik Naukowy %22Consortio &#8211; Ekonomiczne i Spo\u0142eczne Czasopismo Centralnej i Wschodniej Europy \u201d&#8221; _builder_version=&#8221;4.16&#8243; _module_preset=&#8221;default&#8221; header_level=&#8221;h2&#8243; header_font=&#8221;Dosis||||||||&#8221; header_letter_spacing=&#8221;0px&#8221; background_enable_color=&#8221;off&#8221; background_image=&#8221;https:\/\/fzzpublishing.eu\/wp-content\/uploads\/2021\/02\/Slider-3.png&#8221; background_enable_image=&#8221;on&#8221; text_shadow_style=&#8221;preset3&#8243; text_shadow_blur_strength=&#8221;0.77em&#8221; text_shadow_color=&#8221;#000000&#8243; global_colors_info=&#8221;{}&#8221; sticky_transition=&#8221;on&#8221;][\/et_pb_slide][et_pb_slide heading=&#8221;Scientific Quarterly %22Consortio &#8211; Economic and Social Journal of Central and Eastern Europe\u201d&#8221; _builder_version=&#8221;4.16&#8243; _module_preset=&#8221;default&#8221; header_font=&#8221;Dosis||||||||&#8221; header_letter_spacing=&#8221;0px&#8221; background_enable_color=&#8221;off&#8221; background_image=&#8221;https:\/\/fzzpublishing.eu\/wp-content\/uploads\/2021\/02\/Slider-4.png&#8221; background_enable_image=&#8221;on&#8221; text_shadow_style=&#8221;preset3&#8243; text_shadow_blur_strength=&#8221;0.77em&#8221; text_shadow_color=&#8221;#000000&#8243; global_colors_info=&#8221;{}&#8221; sticky_transition=&#8221;on&#8221;][\/et_pb_slide][\/et_pb_fullwidth_slider][\/et_pb_section][et_pb_section fb_built=&#8221;1&#8243; fullwidth=&#8221;on&#8221; disabled_on=&#8221;off|off|off&#8221; _builder_version=&#8221;4.16&#8243; _module_preset=&#8221;default&#8221; background_color=&#8221;#e0e0e0&#8243; background_enable_image=&#8221;off&#8221; height=&#8221;320px&#8221; global_colors_info=&#8221;{}&#8221;][et_pb_fullwidth_slider _builder_version=&#8221;4.16&#8243; _module_preset=&#8221;default&#8221; height=&#8221;320px&#8221; custom_margin=&#8221;0px||0px||false|false&#8221; custom_padding=&#8221;0px|1%|0px|1%|false|false&#8221; global_colors_info=&#8221;{}&#8221;][et_pb_slide heading=&#8221;Economy  Social policy  Social economy  Pedagogics  Education  Sociology  Law  Regional policy&#8221; _builder_version=&#8221;4.16&#8243; _module_preset=&#8221;default&#8221; header_level=&#8221;h2&#8243; header_font=&#8221;Dosis||||||||&#8221; header_letter_spacing=&#8221;0px&#8221; header_line_height=&#8221;1.2em&#8221; background_enable_color=&#8221;off&#8221; background_image=&#8221;https:\/\/fzzpublishing.eu\/wp-content\/uploads\/2021\/02\/Slider-3.png&#8221; background_enable_image=&#8221;on&#8221; custom_padding=&#8221;|1%||1%|false|false&#8221; header_line_height_tablet=&#8221;1.2em&#8221; header_line_height_phone=&#8221;&#8221; header_line_height_last_edited=&#8221;on|desktop&#8221; text_shadow_style=&#8221;preset3&#8243; text_shadow_blur_strength=&#8221;0.77em&#8221; text_shadow_color=&#8221;#000000&#8243; global_colors_info=&#8221;{}&#8221; sticky_transition=&#8221;on&#8221;][\/et_pb_slide][\/et_pb_fullwidth_slider][\/et_pb_section][et_pb_section fb_built=&#8221;1&#8243; _builder_version=&#8221;4.16&#8243; _module_preset=&#8221;default&#8221; background_image=&#8221;https:\/\/fzzpublishing.eu\/wp-content\/uploads\/2021\/02\/Kompozycja-004-x2-scaled.jpg&#8221; height=&#8221;2880px&#8221; custom_padding=&#8221;30px|||||&#8221; global_colors_info=&#8221;{}&#8221;][et_pb_row column_structure=&#8221;1_5,3_5,1_5&#8243; _builder_version=&#8221;4.16&#8243; _module_preset=&#8221;default&#8221; custom_padding=&#8221;||0px|||&#8221; global_colors_info=&#8221;{}&#8221;][et_pb_column type=&#8221;1_5&#8243; _builder_version=&#8221;4.16&#8243; _module_preset=&#8221;default&#8221; global_colors_info=&#8221;{}&#8221;][\/et_pb_column][et_pb_column type=&#8221;3_5&#8243; _builder_version=&#8221;4.16&#8243; _module_preset=&#8221;default&#8221; global_colors_info=&#8221;{}&#8221;][et_pb_text _builder_version=&#8221;4.16&#8243; _module_preset=&#8221;default&#8221; text_font=&#8221;Dosis||||||||&#8221; text_font_size=&#8221;40px&#8221; text_letter_spacing=&#8221;1px&#8221; global_colors_info=&#8221;{}&#8221;]<\/p>\n<p style=\"text-align: center;\">Poznaj nas!<\/p>\n<p>[\/et_pb_text][\/et_pb_column][et_pb_column type=&#8221;1_5&#8243; _builder_version=&#8221;4.16&#8243; _module_preset=&#8221;default&#8221; global_colors_info=&#8221;{}&#8221;][\/et_pb_column][\/et_pb_row][et_pb_row column_structure=&#8221;1_5,3_5,1_5&#8243; _builder_version=&#8221;4.16&#8243; _module_preset=&#8221;default&#8221; custom_padding=&#8221;31px||31px|||&#8221; global_colors_info=&#8221;{}&#8221;][et_pb_column type=&#8221;1_5&#8243; _builder_version=&#8221;4.16&#8243; _module_preset=&#8221;default&#8221; global_colors_info=&#8221;{}&#8221;][\/et_pb_column][et_pb_column type=&#8221;3_5&#8243; _builder_version=&#8221;4.16&#8243; _module_preset=&#8221;default&#8221; global_colors_info=&#8221;{}&#8221;][et_pb_text _builder_version=&#8221;4.16&#8243; _module_preset=&#8221;default&#8221; text_font=&#8221;Raleway||||||||&#8221; text_font_size=&#8221;17px&#8221; global_colors_info=&#8221;{}&#8221;]<\/p>\n<p style=\"text-align: justify;\">Periodyk \u201eConsortio \u2013 Scientific Journal of Central and Eastern Europe\u201d jest to interdyscyplinarne pismo naukowe, kt\u00f3rego celem jest dyskusja nad wa\u017cnymi problemami wybranych dziedzin nauki oraz prezentowanie praktyk;\u00a0badaczom, ekspertom i decydentom najnowszej wiedzy na temat kondycji i perspektyw rozwoju ekonomii, polityki spo\u0142ecznej, ekonomii spo\u0142ecznej, pedagogiki i edukacji, socjologii, prawa oraz polityki regionalnej w ca\u0142ej Europie, ze szczeg\u00f3lnym uwzgl\u0119dnieniem Europy Wschodniej i Centralnej, a tak\u017ce Izraela i Turcji.<\/p>\n<p style=\"text-align: justify;\">Pismo pe\u0142ni tak\u017ce funkcj\u0119 forum dyskusji i wymiany pogl\u0105d\u00f3w dotycz\u0105cych tych wa\u017cnych problem\u00f3w naukowych. Dostarcza wszystkim zainteresowanym mo\u017cliwo\u015bci wyra\u017cenia swoich opinii i przedstawienia bada\u0144, a tak\u017ce argument\u00f3w \u2013 opartych na wiedzy, do\u015bwiadczeniu i wynikach bada\u0144 naukowych \u2013 do wykorzystania w dyskusji. Chcemy prezentowa\u0107 r\u00f3\u017cne pogl\u0105dy,\u00a0prezentowa\u0107 tworzenie nowych rozwi\u0105za\u0144 i ocen\u0119 istniej\u0105cych naukowych pogl\u0105d\u00f3w i stanu wiedzy na temat wybranych dziedzin nauki. Jeste\u015bmy otwarci na r\u00f3\u017cnorodno\u015b\u0107 i innowacyjne podej\u015bcie do tematyki bada\u0144 prezentowanych dziedzin naukowych.<\/p>\n<p style=\"text-align: justify;\">Pobranie artyku\u0142u jest bezp\u0142atne i nie ma limitu liczby pobranych artyku\u0142\u00f3w. Czasopismo mo\u017ce w uzasadnionych przypadkach u\u017cywa\u0107 skr\u00f3conej nazwy \u201eConsortio\u201d.<\/p>\n<p>[\/et_pb_text][\/et_pb_column][et_pb_column type=&#8221;1_5&#8243; _builder_version=&#8221;4.16&#8243; _module_preset=&#8221;default&#8221; global_colors_info=&#8221;{}&#8221;][\/et_pb_column][\/et_pb_row][et_pb_row column_structure=&#8221;1_4,1_4,1_2&#8243; _builder_version=&#8221;4.16&#8243; _module_preset=&#8221;default&#8221; custom_padding=&#8221;7px||0px|||&#8221; global_colors_info=&#8221;{}&#8221;][et_pb_column type=&#8221;1_4&#8243; _builder_version=&#8221;4.16&#8243; _module_preset=&#8221;default&#8221; global_colors_info=&#8221;{}&#8221;][\/et_pb_column][et_pb_column type=&#8221;1_4&#8243; _builder_version=&#8221;4.16&#8243; _module_preset=&#8221;default&#8221; global_colors_info=&#8221;{}&#8221;][\/et_pb_column][et_pb_column type=&#8221;1_2&#8243; _builder_version=&#8221;4.16&#8243; _module_preset=&#8221;default&#8221; global_colors_info=&#8221;{}&#8221;][et_pb_text _builder_version=&#8221;4.16&#8243; _module_preset=&#8221;default&#8221; text_font=&#8221;Dosis||||||||&#8221; text_font_size=&#8221;40px&#8221; text_letter_spacing=&#8221;1px&#8221; global_colors_info=&#8221;{}&#8221;]<\/p>\n<p style=\"text-align: center;\">Partnerstwo Wschodnie<\/p>\n<p>[\/et_pb_text][\/et_pb_column][\/et_pb_row][et_pb_row column_structure=&#8221;1_4,1_4,1_2&#8243; _builder_version=&#8221;4.16&#8243; _module_preset=&#8221;default&#8221; global_colors_info=&#8221;{}&#8221;][et_pb_column type=&#8221;1_4&#8243; _builder_version=&#8221;4.16&#8243; _module_preset=&#8221;default&#8221; global_colors_info=&#8221;{}&#8221;][\/et_pb_column][et_pb_column type=&#8221;1_4&#8243; _builder_version=&#8221;4.16&#8243; _module_preset=&#8221;default&#8221; global_colors_info=&#8221;{}&#8221;][\/et_pb_column][et_pb_column type=&#8221;1_2&#8243; _builder_version=&#8221;4.16&#8243; _module_preset=&#8221;default&#8221; global_colors_info=&#8221;{}&#8221;][et_pb_text _builder_version=&#8221;4.16&#8243; _module_preset=&#8221;default&#8221; text_font=&#8221;Raleway||||||||&#8221; text_font_size=&#8221;17px&#8221; global_colors_info=&#8221;{}&#8221;]<\/p>\n<p style=\"text-align: justify;\">Osobna zak\u0142adka portalu to Partnerstwo Wschodnie. Jest\u00a0ona\u00a0po\u015bwi\u0119cona temu wa\u017cnemu projektowi europejskiemu. B\u0119dzie zawiera\u0107 opinie, komentarze i artyku\u0142y oraz publicystyk\u0119 zwi\u0105zan\u0105 z tym programem. Uwa\u017camy bowiem, \u017ce organizacje pozarz\u0105dowe powinny dzia\u0142a\u0107 na rzecz swobodnego przep\u0142ywu pogl\u0105d\u00f3w, my\u015bli spo\u0142ecznych i bada\u0144 naukowych oraz inicjatyw obywatelskich i rozwoju edukacji w krajach europejskich nie b\u0119d\u0105cych cz\u0142onkami EU. Istotnym programem unijnym w tym obszarze jest w\u0142a\u015bnie Partnerstwo Wschodnie.<\/p>\n<p>[\/et_pb_text][\/et_pb_column][\/et_pb_row][et_pb_row column_structure=&#8221;1_4,1_4,1_2&#8243; _builder_version=&#8221;4.16&#8243; _module_preset=&#8221;default&#8221; custom_padding=&#8221;6px||6px|||&#8221; global_colors_info=&#8221;{}&#8221;][et_pb_column type=&#8221;1_4&#8243; _builder_version=&#8221;4.16&#8243; _module_preset=&#8221;default&#8221; global_colors_info=&#8221;{}&#8221;][\/et_pb_column][et_pb_column type=&#8221;1_4&#8243; _builder_version=&#8221;4.16&#8243; _module_preset=&#8221;default&#8221; global_colors_info=&#8221;{}&#8221;][\/et_pb_column][et_pb_column type=&#8221;1_2&#8243; _builder_version=&#8221;4.16&#8243; _module_preset=&#8221;default&#8221; global_colors_info=&#8221;{}&#8221;][et_pb_text _builder_version=&#8221;4.16&#8243; _module_preset=&#8221;default&#8221; text_font=&#8221;Dosis||||||||&#8221; text_font_size=&#8221;40px&#8221; text_letter_spacing=&#8221;1px&#8221; global_colors_info=&#8221;{}&#8221;]<\/p>\n<p style=\"text-align: center;\">Consortio<\/p>\n<p>[\/et_pb_text][\/et_pb_column][\/et_pb_row][et_pb_row column_structure=&#8221;1_4,1_4,1_2&#8243; _builder_version=&#8221;4.16&#8243; _module_preset=&#8221;default&#8221; custom_padding=&#8221;||111px|||&#8221; global_colors_info=&#8221;{}&#8221;][et_pb_column type=&#8221;1_4&#8243; _builder_version=&#8221;4.16&#8243; _module_preset=&#8221;default&#8221; global_colors_info=&#8221;{}&#8221;][\/et_pb_column][et_pb_column type=&#8221;1_4&#8243; _builder_version=&#8221;4.16&#8243; _module_preset=&#8221;default&#8221; global_colors_info=&#8221;{}&#8221;][\/et_pb_column][et_pb_column type=&#8221;1_2&#8243; _builder_version=&#8221;4.16&#8243; _module_preset=&#8221;default&#8221; global_colors_info=&#8221;{}&#8221;][et_pb_text _builder_version=&#8221;4.16&#8243; _module_preset=&#8221;default&#8221; text_font=&#8221;Raleway||||||||&#8221; text_font_size=&#8221;17px&#8221; global_colors_info=&#8221;{}&#8221;]<\/p>\n<p style=\"text-align: justify;\">Wydawc\u0105 pisma \u201eConsortio \u2013 Scientific Journal of Central and Eastern Europe\u201d\u00a0jest: Fundacja im. Zofii Zamenhof.<\/p>\n<p style=\"text-align: justify;\">Cz\u0142onkowie Rady Naukowej Wydawnictwa\u00a0to naukowcy i wyk\u0142adowcy uniwersyteccy\u00a0z Gruzji, Izraela, Polski, Ukrainy, Armenii i Turcji.<\/p>\n<p style=\"text-align: justify;\">W Zespole Redakcyjnym s\u0105\u00a0te\u017c\u00a0przedstawiciele r\u00f3\u017cnych kraj\u00f3w z zaprzyja\u017anionych instytucji i organizacji.<\/p>\n<p>[\/et_pb_text][\/et_pb_column][\/et_pb_row][et_pb_row column_structure=&#8221;1_4,1_2,1_4&#8243; _builder_version=&#8221;4.16&#8243; _module_preset=&#8221;default&#8221; custom_margin=&#8221;86px|auto||auto||&#8221; custom_padding=&#8221;196px||196px||true|&#8221; global_colors_info=&#8221;{}&#8221;][et_pb_column type=&#8221;1_4&#8243; _builder_version=&#8221;4.16&#8243; _module_preset=&#8221;default&#8221; global_colors_info=&#8221;{}&#8221;][\/et_pb_column][et_pb_column type=&#8221;1_2&#8243; _builder_version=&#8221;4.16&#8243; _module_preset=&#8221;default&#8221; global_colors_info=&#8221;{}&#8221;][\/et_pb_column][et_pb_column type=&#8221;1_4&#8243; _builder_version=&#8221;4.16&#8243; _module_preset=&#8221;default&#8221; global_colors_info=&#8221;{}&#8221;][\/et_pb_column][\/et_pb_row][et_pb_row column_structure=&#8221;1_5,1_5,3_5&#8243; _builder_version=&#8221;4.16&#8243; _module_preset=&#8221;default&#8221; custom_padding=&#8221;40px|||||&#8221; global_colors_info=&#8221;{}&#8221;][et_pb_column type=&#8221;1_5&#8243; _builder_version=&#8221;4.16&#8243; _module_preset=&#8221;default&#8221; global_colors_info=&#8221;{}&#8221;][\/et_pb_column][et_pb_column type=&#8221;1_5&#8243; _builder_version=&#8221;4.16&#8243; _module_preset=&#8221;default&#8221; global_colors_info=&#8221;{}&#8221;][\/et_pb_column][et_pb_column type=&#8221;3_5&#8243; _builder_version=&#8221;4.16&#8243; _module_preset=&#8221;default&#8221; global_colors_info=&#8221;{}&#8221;][et_pb_text _builder_version=&#8221;4.16&#8243; _module_preset=&#8221;default&#8221; text_font=&#8221;Dosis||||||||&#8221; text_text_color=&#8221;#375ca6&#8243; text_font_size=&#8221;40px&#8221; text_letter_spacing=&#8221;1px&#8221; custom_margin=&#8221;||100px||false|false&#8221; global_colors_info=&#8221;{}&#8221;]<\/p>\n<p style=\"text-align: center;\">Rada Naukowa:<\/p>\n<p>[\/et_pb_text][et_pb_text _builder_version=&#8221;4.16&#8243; _module_preset=&#8221;default&#8221; text_font=&#8221;Dosis||||||||&#8221; text_font_size=&#8221;40px&#8221; text_letter_spacing=&#8221;1px&#8221; custom_margin=&#8221;||10px||false|false&#8221; global_colors_info=&#8221;{}&#8221;]<\/p>\n<p style=\"text-align: center;\">dr Wojciech Duranowski<\/p>\n<p>[\/et_pb_text][et_pb_text _builder_version=&#8221;4.16&#8243; _module_preset=&#8221;default&#8221; text_font=&#8221;Raleway||||||||&#8221; text_font_size=&#8221;17px&#8221; global_colors_info=&#8221;{}&#8221;]<\/p>\n<p style=\"text-align: center;\">Przewodnicz\u0105cy<\/p>\n<p>[\/et_pb_text][et_pb_text _builder_version=&#8221;4.16&#8243; _module_preset=&#8221;default&#8221; text_font=&#8221;Dosis||||||||&#8221; text_font_size=&#8221;40px&#8221; text_letter_spacing=&#8221;1px&#8221; custom_margin=&#8221;||70px|||&#8221; global_colors_info=&#8221;{}&#8221;]<\/p>\n<p style=\"text-align: center;\">prof. dr\u00a0Tina Gelashvili<\/p>\n<p style=\"text-align: center;\"><span>prof. dr\u00a0<\/span><span>\u00a0<\/span><span>Yaroslav Golovko<\/span><\/p>\n<p style=\"text-align: center;\">dr Anita Fajczak<\/p>\n<p style=\"text-align: center;\">prof. dr Yuriy Petrushenko<\/p>\n<p style=\"text-align: center;\">dr Svitlana Tarasenko<\/p>\n<p style=\"text-align: center;\">mgr Rafa\u0142 Flaga<\/p>\n<p>[\/et_pb_text][et_pb_button button_text=&#8221;Zobacz Wi\u0119cej&#8221; button_alignment=&#8221;center&#8221; _builder_version=&#8221;4.16&#8243; _module_preset=&#8221;default&#8221; custom_button=&#8221;on&#8221; button_border_radius=&#8221;26px&#8221; button_letter_spacing=&#8221;1px&#8221; button_font=&#8221;Dosis|600|||||||&#8221; global_colors_info=&#8221;{}&#8221;][\/et_pb_button][\/et_pb_column][\/et_pb_row][\/et_pb_section]<\/p>\n","protected":false},"excerpt":{"rendered":"<p>Poznaj nas!Periodyk \u201eConsortio \u2013 Scientific Journal of Central and Eastern Europe\u201d jest to interdyscyplinarne pismo naukowe, kt\u00f3rego celem jest dyskusja nad wa\u017cnymi problemami wybranych dziedzin nauki oraz prezentowanie praktyk;\u00a0badaczom, ekspertom i decydentom najnowszej wiedzy na temat kondycji i perspektyw rozwoju ekonomii, polityki spo\u0142ecznej, ekonomii spo\u0142ecznej, pedagogiki i edukacji, socjologii, prawa oraz polityki regionalnej w ca\u0142ej [&hellip;]<\/p>\n","protected":false},"author":1,"featured_media":0,"parent":0,"menu_order":0,"comment_status":"closed","ping_status":"closed","template":"","meta":{"_et_pb_use_builder":"on","_et_pb_old_content":"","_et_gb_content_width":""},"_links":{"self":[{"href":"https:\/\/fzzpublishing.eu\/index.php\/wp-json\/wp\/v2\/pages\/159"}],"collection":[{"href":"https:\/\/fzzpublishing.eu\/index.php\/wp-json\/wp\/v2\/pages"}],"about":[{"href":"https:\/\/fzzpublishing.eu\/index.php\/wp-json\/wp\/v2\/types\/page"}],"author":[{"embeddable":true,"href":"https:\/\/fzzpublishing.eu\/index.php\/wp-json\/wp\/v2\/users\/1"}],"replies":[{"embeddable":true,"href":"https:\/\/fzzpublishing.eu\/index.php\/wp-json\/wp\/v2\/comments?post=159"}],"version-history":[{"count":5,"href":"https:\/\/fzzpublishing.eu\/index.php\/wp-json\/wp\/v2\/pages\/159\/revisions"}],"predecessor-version":[{"id":857,"href":"https:\/\/fzzpublishing.eu\/index.php\/wp-json\/wp\/v2\/pages\/159\/revisions\/857"}],"wp:attachment":[{"href":"https:\/\/fzzpublishing.eu\/index.php\/wp-json\/wp\/v2\/media?parent=159"}],"curies":[{"name":"wp","href":"https:\/\/api.w.org\/{rel}","templated":true}]}}